{"id":34,"date":"2025-04-19T13:30:04","date_gmt":"2025-04-19T11:30:04","guid":{"rendered":"https:\/\/atelierstundenblume.de\/?page_id=34"},"modified":"2025-04-20T11:50:01","modified_gmt":"2025-04-20T09:50:01","slug":"uber-mich","status":"publish","type":"page","link":"https:\/\/atelierstundenblume.de\/?page_id=34","title":{"rendered":"\u00dcber mich"},"content":{"rendered":"\n<p class=\"has-text-align-left is-style-default\">Mein Schaffen und meine Liebe gilt der Anfertigung bezaubernder Dinge, welche unserem realen und oft ernsten Leben, m\u00e4rchenhafte und fantasievolle Bilder, zur\u00fcckbringen m\u00f6chte.<\/p>\n\n\n\n<p class=\"has-text-align-left\">In meinem Shop Atelier Stundenblume finden Sie daher eine&nbsp; wechselnde bunte Palette an handbemalten echten Steinen aus der Uckermark, an gegossenen Steinen und gefilzten Puppenkindern.&nbsp;<\/p>\n\n\n\n<p class=\"has-text-align-left\">Mein besonderes Augenmerk gilt indes der Aquarellmalerei. F\u00fcr mich ist sie vergleichbar mit dem Leben. Man kann es in einem gewissen Ma\u00dfe gestalten und ihm eine Richtung vorgeben, einen Weg gehen. <\/p>\n\n\n\n<p class=\"has-text-align-left\">Doch an bestimmten Punkten holt es uns ein und wir werden von ihm gef\u00fchrt und gelenkt. Ein wechselseitiger Strom, ein Flie\u00dfen. Am Ende, ein Leben, ein Bild, das ganz aus uns gewachsen ist und doch sich selbst entfaltet hat.&nbsp;<\/p>\n\n\n\n<div style=\"height:31px\" aria-hidden=\"true\" class=\"wp-block-spacer\"><\/div>\n\n\n\n<figure class=\"wp-block-image size-full\"><img loading=\"lazy\" decoding=\"async\" width=\"680\" height=\"770\" src=\"https:\/\/atelierstundenblume.de\/wp-content\/uploads\/2025\/04\/IMG_1343-1-e1745142590698.jpg\" alt=\"\" class=\"wp-image-241\" srcset=\"https:\/\/atelierstundenblume.de\/wp-content\/uploads\/2025\/04\/IMG_1343-1-e1745142590698.jpg 680w, https:\/\/atelierstundenblume.de\/wp-content\/uploads\/2025\/04\/IMG_1343-1-e1745142590698-265x300.jpg 265w\" sizes=\"auto, (max-width: 680px) 100vw, 680px\" \/><\/figure>\n","protected":false},"excerpt":{"rendered":"<p>Mein Schaffen und meine Liebe gilt der Anfertigung bezaubernder Dinge, welche unserem realen und oft ernsten Leben, m\u00e4rchenhafte und fantasievolle Bilder, zur\u00fcckbringen m\u00f6chte. In meinem Shop Atelier Stundenblume finden Sie daher eine&nbsp; wechselnde bunte Palette an handbemalten echten Steinen aus der Uckermark, an gegossenen Steinen und gefilzten Puppenkindern.&nbsp; Mein besonderes Augenmerk gilt indes der Aquarellmalerei. [&hellip;]<\/p>\n","protected":false},"author":1,"featured_media":0,"parent":0,"menu_order":0,"comment_status":"closed","ping_status":"closed","template":"","meta":{"footnotes":""},"class_list":["post-34","page","type-page","status-publish","hentry"],"_links":{"self":[{"href":"https:\/\/atelierstundenblume.de\/index.php?rest_route=\/wp\/v2\/pages\/34","targetHints":{"allow":["GET"]}}],"collection":[{"href":"https:\/\/atelierstundenblume.de\/index.php?rest_route=\/wp\/v2\/pages"}],"about":[{"href":"https:\/\/atelierstundenblume.de\/index.php?rest_route=\/wp\/v2\/types\/page"}],"author":[{"embeddable":true,"href":"https:\/\/atelierstundenblume.de\/index.php?rest_route=\/wp\/v2\/users\/1"}],"replies":[{"embeddable":true,"href":"https:\/\/atelierstundenblume.de\/index.php?rest_route=%2Fwp%2Fv2%2Fcomments&post=34"}],"version-history":[{"count":9,"href":"https:\/\/atelierstundenblume.de\/index.php?rest_route=\/wp\/v2\/pages\/34\/revisions"}],"predecessor-version":[{"id":242,"href":"https:\/\/atelierstundenblume.de\/index.php?rest_route=\/wp\/v2\/pages\/34\/revisions\/242"}],"wp:attachment":[{"href":"https:\/\/atelierstundenblume.de\/index.php?rest_route=%2Fwp%2Fv2%2Fmedia&parent=34"}],"curies":[{"name":"wp","href":"https:\/\/api.w.org\/{rel}","templated":true}]}}